{"id":728,"date":"2016-03-07T10:00:50","date_gmt":"2016-03-07T08:00:50","guid":{"rendered":"http:\/\/athleticsfashion.com\/?product=nfinity-evolution"},"modified":"2021-06-21T12:20:05","modified_gmt":"2021-06-21T10:20:05","slug":"nfinity-evolution","status":"publish","type":"product","link":"https:\/\/athleticsfashion.com\/cheer\/produkt\/nfinity-evolution\/","title":{"rendered":"Nfinity Cheerleading Schuhe &#8211; Evolution"},"content":{"rendered":"<h4>Der Allrounder Cheerleading Schuh von Nfinity.<\/h4>\n<p>Die Evolution <em>Cheerleading Schuhe<\/em> \u00fcberzeugen, neben ihrer soliden Verarbeitung, durch festen Halt und optimalen Grip beim Stunten. Als Allrounder ist der Schuh besonders f\u00fcr Cheerleading Anf\u00e4nger geeignet, wird aber auch von erfahrenen Cheerleadern seit Jahren genutzt. Als erster <strong>Shop f\u00fcr<\/strong> <strong>Cheerleading Zubeh\u00f6r<\/strong> <strong>in Deutschland<\/strong> haben wir den Nfinity Evolution vertrieben und seither tausende Cheerleader aus Europa mit der au\u00dfergew\u00f6hnlichen Qualit\u00e4t aus den USA gl\u00fccklich machen k\u00f6nnen.<\/p>\n<p>Wie bei allen Produkten die du im Cheershop kaufen kannst,\u00a0gilt auch hier unsere\u00a0<span style=\"color: #ff0000;\">100% Love Garantie:<\/span>\u00a0Sollte das Zubeh\u00f6r nicht passen oder nicht deinen Vorstellungen entsprechen kann es anstandslos umgetauschen oder zur\u00fcckgegeben werden! Versprochen!<\/p>\n<p><strong>English:<br \/>\n<\/strong>The\u00a0Evolution Cheerleading Shoe is an Allrounder that\u00a0has a great grip for tops and a solid stand for bases.<br \/>\nWe have a\u00a0<span style=\"color: #ff0000;\">100% Love Guarantee<\/span>: Moneyback if you are not satisfied.<br \/>\nWe are shipping our cheerleading products to all EU- countries. Shipping costs for non-german shipping is 9.90\u20ac.<\/p>\n","protected":false},"excerpt":{"rendered":"<p>&#8211; &#8222;NfiniFit&#8220; an der Fu\u00dfspitze f\u00fcr perfekte Anpassung und optimalen Halt<br \/>\n&#8211; &#8222;Ankle Lock&#8220; am Kn\u00f6chel h\u00e4lt den Fu\u00dfballen jederzeit fest im Schuh<br \/>\n&#8211; Gummiapplikationen f\u00fcr verbesserten Grip<br \/>\n&#8211; Leder und Satin Obersohle f\u00fcr atmungsaktive Stabilit\u00e4t.<br \/>\n&#8211; 185g leicht<br \/>\n&#8211; Inklusive roter Schuhbox<\/p>\n<p>Der Allrounder unter den <em>Cheerleading Schuhen.<br \/>\n<\/em>(30 Tage Geld-Zur\u00fcck-Garantie)<\/p>\n","protected":false},"featured_media":3970,"comment_status":"closed","ping_status":"closed","template":"","meta":[],"product_brand":[],"product_cat":[67,43,68,42,75,38],"product_tag":[],"class_list":{"0":"post-728","1":"product","2":"type-product","3":"status-publish","4":"has-post-thumbnail","6":"product_cat-damen","7":"product_cat-evolution","8":"product_cat-herren","9":"product_cat-nfinity","10":"product_cat-shoe","11":"product_cat-shoes","12":"product_shipping_class-standartversand","14":"first","15":"instock","16":"sale","17":"taxable","18":"shipping-taxable","19":"purchasable","20":"product-type-variable"},"_links":{"self":[{"href":"https:\/\/athleticsfashion.com\/cheer\/wp-json\/wp\/v2\/product\/728","targetHints":{"allow":["GET"]}}],"collection":[{"href":"https:\/\/athleticsfashion.com\/cheer\/wp-json\/wp\/v2\/product"}],"about":[{"href":"https:\/\/athleticsfashion.com\/cheer\/wp-json\/wp\/v2\/types\/product"}],"replies":[{"embeddable":true,"href":"https:\/\/athleticsfashion.com\/cheer\/wp-json\/wp\/v2\/comments?post=728"}],"wp:featuredmedia":[{"embeddable":true,"href":"https:\/\/athleticsfashion.com\/cheer\/wp-json\/wp\/v2\/media\/3970"}],"wp:attachment":[{"href":"https:\/\/athleticsfashion.com\/cheer\/wp-json\/wp\/v2\/media?parent=728"}],"wp:term":[{"taxonomy":"product_brand","embeddable":true,"href":"https:\/\/athleticsfashion.com\/cheer\/wp-json\/wp\/v2\/product_brand?post=728"},{"taxonomy":"product_cat","embeddable":true,"href":"https:\/\/athleticsfashion.com\/cheer\/wp-json\/wp\/v2\/product_cat?post=728"},{"taxonomy":"product_tag","embeddable":true,"href":"https:\/\/athleticsfashion.com\/cheer\/wp-json\/wp\/v2\/product_tag?post=728"}],"curies":[{"name":"wp","href":"https:\/\/api.w.org\/{rel}","templated":true}]}}