{"id":708,"date":"2016-03-07T11:00:49","date_gmt":"2016-03-07T09:00:49","guid":{"rendered":"http:\/\/athleticsfashion.com\/?post_type=product&#038;p=708"},"modified":"2022-06-27T10:38:08","modified_gmt":"2022-06-27T08:38:08","slug":"nfinity-vengeance","status":"publish","type":"product","link":"https:\/\/athleticsfashion.com\/cheer\/produkt\/nfinity-vengeance\/","title":{"rendered":"Nfinity Cheerleading Schuhe &#8211; Vengeance"},"content":{"rendered":"<h4>Der ultraleichte Cheerleadingschuh.<\/h4>\n<p>Der Nfinity Vengeance Cheerschuh ist sowohl f\u00fcr Flyer als auch f\u00fcr Bases bestens geeignet. Durch seine unglaublich flexible Sohle gilt er als einer der besten Tumblingschuhe\u00a0auf dem Markt und ist besonders deshalb bei den amerikanischen Allstars Cheer Teams\u00a0weit verbreitet. Auch sonst bietet er alles, was Cheerleading Schuhe k\u00f6nnen m\u00fcssen<\/p>\n<p>Auf jegliches <em>Cheerleading Zubeh\u00f6r<\/em>, dass Sie bei uns <em>bestellen<\/em> geben wir unsere <span style=\"color: #ff0000;\">100% Love Garantie.<\/span> Sollte das Produkt nicht passen oder nicht den Vorstellungen entsprechen, kann es anstandslos umgetauscht oder zur\u00fcckgegeben werden! Versprochen!<\/p>\n<p><strong>English:<br \/>\n<\/strong>Nfinity\u00a0Shoes are the most selling cheerleading shoes in the US and guarantee perfect performance. The Vengeance\u00a0is a ultralight shoe that is great for tops and bases.<br \/>\n<span style=\"color: #ff0000;\">100% Love Guarantee <\/span>&#8211; If you don\u00b4t like it, we refund it<br \/>\nWe are shipping to all EU-Countries. Shipping costs for non-german shipping is 9.90\u20ac.<\/p>\n","protected":false},"excerpt":{"rendered":"<p>&#8211; Extrem flexible Sohle f\u00fcr ein unvergleichbar nat\u00fcrliches Gef\u00fchl beim Tumbling<br \/>\n&#8211; Verarbeitung aus Nylonmesh sorgt f\u00fcr Stabilit\u00e4t und au\u00dfergew\u00f6hnlichen Tragekomfort.<br \/>\n&#8211; Sehr enge Schn\u00fcrung m\u00f6glich (Vorteilhaft f\u00fcr schmale F\u00fc\u00dfe)<br \/>\n&#8211; Drei strategisch sinnvoll platzierte Gummipads an der Sohle f\u00fcr ultimativen Grip<br \/>\n&#8211; Federleicht mit nur 112g<br \/>\n&#8211; Inklusiver der beliebten, schwarzen Schuh Transportbox<\/p>\n","protected":false},"featured_media":3974,"comment_status":"closed","ping_status":"closed","template":"","meta":[],"product_brand":[],"product_cat":[67,68,42,75,38,44],"product_tag":[],"class_list":{"0":"post-708","1":"product","2":"type-product","3":"status-publish","4":"has-post-thumbnail","6":"product_cat-damen","7":"product_cat-herren","8":"product_cat-nfinity","9":"product_cat-shoe","10":"product_cat-shoes","11":"product_cat-vengeance","12":"product_shipping_class-standartversand","14":"first","15":"outofstock","16":"sale","17":"featured","18":"taxable","19":"shipping-taxable","20":"purchasable","21":"product-type-variable"},"_links":{"self":[{"href":"https:\/\/athleticsfashion.com\/cheer\/wp-json\/wp\/v2\/product\/708","targetHints":{"allow":["GET"]}}],"collection":[{"href":"https:\/\/athleticsfashion.com\/cheer\/wp-json\/wp\/v2\/product"}],"about":[{"href":"https:\/\/athleticsfashion.com\/cheer\/wp-json\/wp\/v2\/types\/product"}],"replies":[{"embeddable":true,"href":"https:\/\/athleticsfashion.com\/cheer\/wp-json\/wp\/v2\/comments?post=708"}],"wp:featuredmedia":[{"embeddable":true,"href":"https:\/\/athleticsfashion.com\/cheer\/wp-json\/wp\/v2\/media\/3974"}],"wp:attachment":[{"href":"https:\/\/athleticsfashion.com\/cheer\/wp-json\/wp\/v2\/media?parent=708"}],"wp:term":[{"taxonomy":"product_brand","embeddable":true,"href":"https:\/\/athleticsfashion.com\/cheer\/wp-json\/wp\/v2\/product_brand?post=708"},{"taxonomy":"product_cat","embeddable":true,"href":"https:\/\/athleticsfashion.com\/cheer\/wp-json\/wp\/v2\/product_cat?post=708"},{"taxonomy":"product_tag","embeddable":true,"href":"https:\/\/athleticsfashion.com\/cheer\/wp-json\/wp\/v2\/product_tag?post=708"}],"curies":[{"name":"wp","href":"https:\/\/api.w.org\/{rel}","templated":true}]}}