{"id":5240,"date":"2016-05-16T15:49:11","date_gmt":"2016-05-16T13:49:11","guid":{"rendered":"http:\/\/athleticsfashion.com\/cheer\/produkt\/nfinity-black-sparkle-backpack-limited-edition\/"},"modified":"2021-10-21T14:25:25","modified_gmt":"2021-10-21T12:25:25","slug":"nfinity-black-sparkle-backpack-limited-edition","status":"publish","type":"product","link":"https:\/\/athleticsfashion.com\/cheer\/produkt\/nfinity-black-sparkle-backpack-limited-edition\/","title":{"rendered":"Nfinity Black Sparkle Backpack"},"content":{"rendered":"<p><!--more--><\/p>\n","protected":false},"excerpt":{"rendered":"<h4><span style=\"color: #000000;\">Nur f\u00fcr kurze Zeit zur\u00fcck &#8211; der beliebte Black Sparkle Backpack!<\/span><\/h4>\n<p><span style=\"color: #333333;\">Aufgrund der gro\u00dfen Nachfrage, haben wir noch einmal eine limitierte Menge der Black Sparkle Backpacks anfertigen lassen. Der Preis liegt leider etwas \u00fcber dem der anderen Rucks\u00e4cke, da die Produktionsmenge extrem gering ist und damit die Produktionskosten sehr hoch sind. Daf\u00fcr werdet ihr aber einen der allerletzten Nfinity Black Sparkle Backpacks erhalten.<\/span><\/p>\n<p>Schreibt uns bei Fragen an: info@athleticsfashion.com<\/p>\n<p>Ma\u00dfe: ca. 52cm x 40cm x 20cm<\/p>\n","protected":false},"featured_media":0,"comment_status":"closed","ping_status":"closed","template":"","meta":[],"product_brand":[],"product_cat":[60,67,18],"product_tag":[],"class_list":{"0":"post-5240","1":"product","2":"type-product","3":"status-publish","5":"product_cat-backpacks","6":"product_cat-damen","7":"product_cat-taschen","8":"product_shipping_class-standartversand","10":"first","11":"instock","12":"sale","13":"taxable","14":"shipping-taxable","15":"purchasable","16":"product-type-variable"},"_links":{"self":[{"href":"https:\/\/athleticsfashion.com\/cheer\/wp-json\/wp\/v2\/product\/5240","targetHints":{"allow":["GET"]}}],"collection":[{"href":"https:\/\/athleticsfashion.com\/cheer\/wp-json\/wp\/v2\/product"}],"about":[{"href":"https:\/\/athleticsfashion.com\/cheer\/wp-json\/wp\/v2\/types\/product"}],"replies":[{"embeddable":true,"href":"https:\/\/athleticsfashion.com\/cheer\/wp-json\/wp\/v2\/comments?post=5240"}],"wp:attachment":[{"href":"https:\/\/athleticsfashion.com\/cheer\/wp-json\/wp\/v2\/media?parent=5240"}],"wp:term":[{"taxonomy":"product_brand","embeddable":true,"href":"https:\/\/athleticsfashion.com\/cheer\/wp-json\/wp\/v2\/product_brand?post=5240"},{"taxonomy":"product_cat","embeddable":true,"href":"https:\/\/athleticsfashion.com\/cheer\/wp-json\/wp\/v2\/product_cat?post=5240"},{"taxonomy":"product_tag","embeddable":true,"href":"https:\/\/athleticsfashion.com\/cheer\/wp-json\/wp\/v2\/product_tag?post=5240"}],"curies":[{"name":"wp","href":"https:\/\/api.w.org\/{rel}","templated":true}]}}