{"id":4834,"date":"2016-01-29T15:59:22","date_gmt":"2016-01-29T13:59:22","guid":{"rendered":"http:\/\/athleticsfashion.com\/cheer\/?page_id=4834"},"modified":"2020-11-09T20:26:10","modified_gmt":"2020-11-09T18:26:10","slug":"agbs-2","status":"publish","type":"page","link":"https:\/\/athleticsfashion.com\/cheer\/agbs-2\/","title":{"rendered":"AGB\u00b4s"},"content":{"rendered":"<p>Allgemeine Gesch\u00e4ftsbedingungen der Firma Athletics Fashion<\/p>\n<p style=\"font-weight: bold; padding-bottom: 10px;\">\u00a71 Geltung gegen\u00fcber Unternehmern und Begriffsdefinitionen<\/p>\n<p>(1) Die nachfolgenden Allgemeinen Gesch\u00e4ftbedingungen gelten f\u00fcr alle Lieferungen zwischen uns und einem Verbraucher<br \/>\nin ihrer zum Zeitpunkt der Bestellung g\u00fcltigen Fassung.<\/p>\n<p>(2) \u201eVerbraucher\u201c in Sinne dieser Gesch\u00e4ftsbedingungen ist jede nat\u00fcrliche Person, die ein Rechtsgesch\u00e4ft zu einem Zwecke abschlie\u00dft, der weder ihrer gewerblichen noch ihrer selbst\u00e4ndigen beruflichen T\u00e4tigkeit zugerechnet werden kann.<\/p>\n<p style=\"font-weight: bold; padding-bottom: 10px;\">\u00a72 Zustandekommen eines Vertrages, Speicherung des Vertragstextes<\/p>\n<p>(1) Die folgenden Regelungen \u00fcber den Vertragsabschluss gelten f\u00fcr Bestellungen \u00fcber unseren Internetshop https:\/\/www.athleticsfashion.com .<\/p>\n<p><strong>(2) Im Falle des Vertragsschlusses kommt der Vertrag mit<\/strong><\/p>\n<div style=\"font-weight: bold; margin-left: 20px;\">Leslie Huhn &#8211; Athletics Fashion<br \/>\nBenesisstra\u00dfe 24-32<br \/>\nD-50672 K\u00f6ln<\/div>\n<p>zustande.<\/p>\n<p>(3) Die Pr\u00e4sentation der Waren in unserem Internetshop stellen kein rechtlich bindendes Vertragsangebot unsererseits dar,<br \/>\nsondern sind nur eine unverbindliche Aufforderungen an den Verbraucher, Waren zu bestellen. Mit der Bestellung der gew\u00fcnschten Ware gibt der Verbraucher ein f\u00fcr<br \/>\nihn verbindliches Angebot auf Abschluss eines Kaufvertrages ab.<br \/>\n(4) Bei Eingang einer Bestellung in unserem Internetshop gelten folgende Regelungen:<br \/>\nDer Verbraucher gibt ein bindendes Vertragsangebot ab, indem er die in unserem Internetshop vorgesehene Bestellprozedur erfolgreich durchl\u00e4uft.<\/p>\n<p>Die Bestellung erfolgt in folgenden Schritten:<\/p>\n<div class=\"ml20\">\n<p>1) Auswahl der gew\u00fcnschten Ware<\/p>\n<p>2) Best\u00e4tigen durch Anklicken der Buttons \u201eKaufen\u201c<\/p>\n<p>3) Pr\u00fcfung der Angaben im Warenkorb<\/p>\n<p>4) Bet\u00e4tigung des Buttons \u201ezur Kasse\u201c<\/p>\n<p>7) Verbindliche Absendung der Bestellung.<\/p>\n<\/div>\n<p>Der Verbraucher kann vor dem verbindlichen Absenden der Bestellung durch Bet\u00e4tigen der in dem von ihm verwendeten Internet-Browser enthaltenen \u201eZur\u00fcck\u201c-Taste nach<br \/>\nKontrolle seiner Angaben wieder zu der Internetseite gelangen, auf der die Angaben des Kunden erfasst werden und Eingabefehler berichtigen bzw. durch Schlie\u00dfen des<br \/>\nInternetbrowsers den Bestellvorgang abbrechen.<br \/>\nWir best\u00e4tigen den Eingang der Bestellung unmittelbar durch eine automatisch generierte E-Mail (\u201eAuftragsbest\u00e4tigung\u201c). Mit dieser nehmen wir Ihr Angebot an.<\/p>\n<p>(5) Speicherung des Vertragstextes bei Bestellungen \u00fcber unseren Internetshop : Wir speichern den Vertragstext und senden Ihnen die Bestelldaten und unsere AGB per<br \/>\nE-Mail zu. Die AGB k\u00f6nnen Sie jederzeit auch unter https:\/\/athleticsfashion.com\/?page_id=411 einsehen.<\/p>\n<p>Ihre vergangenen Bestellungen k\u00f6nnen Sie in unserem Kunden-Bereich unter Mein Account &#8211;&gt; Bestellungen einsehen.<\/p>\n<p style=\"font-weight: bold; padding-bottom: 10px;\">\u00a73 Preise, Versandkosten, Zahlung, F\u00e4lligkeit<\/p>\n<p>(1) Die angegebenen Preise enthalten die gesetzliche Umsatzsteuer und sonstige Preisbestandteile. Hinzu kommen etwaige Versandkosten.<\/p>\n<p>(2) Der Verbraucher hat die M\u00f6glichkeit der Zahlung per Vorkasse oder per PayPal.<\/p>\n<p>(3) Hat der Verbraucher die Zahlung per Vorkasse gew\u00e4hlt, so verpflichtet er sich, den Kaufpreis unverz\u00fcglich nach Vertragsschluss zu zahlen.<\/p>\n<p style=\"font-weight: bold; padding-bottom: 10px;\">\u00a74 Lieferung<\/p>\n<p>(1) Sofern wir dies in der Produktbeschreibung nicht deutlich anders angegeben haben, sind alle von uns angebotenen Artikel sofort versandfertig.<\/p>\n<p>(2) Hat der Verbraucher die Zahlung per Vorkasse gew\u00e4hlt, so versenden wir die Ware nicht vor Zahlungseingang.<\/p>\n<p style=\"font-weight: bold; padding-bottom: 10px;\">\u00a75 Eigentumsvorbehalt<\/p>\n<p>Wir behalten uns das Eigentum an der Ware bis zur vollst\u00e4ndigen Bezahlung des Kaufpreises vor.<\/p>\n<p>****************************************************************************************************<\/p>\n<p style=\"color: #09090a;\"><strong>\u00a76 Widerrufsbelehrung<br \/>\n<\/strong><\/p>\n<p style=\"color: #09090a;\"><strong>Widerrufsrecht<br \/>\n<\/strong>Sie haben das Recht, binnen vierzehn Tagen ohne Angabe von Gr\u00fcnden diesen Vertrag zu widerrufen. Die Widerrufsfrist betr\u00e4gt vierzehn Tage ab dem Tag, an dem Sie oder ein von Ihnen benannter Dritter, der<br \/>\nnicht der Bef\u00f6rderer ist, die Waren in Besitz genommen haben bzw. hat. Um Ihr Widerrufsrecht auszu\u00fcben, m\u00fcssen Sie uns:<\/p>\n<p style=\"color: #09090a;\"><strong>Leslie Huhn &#8211; Athletics Fashion<\/strong><br \/>\n<b>Benesisstra\u00dfe 24-32<\/b><br \/>\n<strong>50672 K\u00f6ln<\/strong><br \/>\n<strong>Tel.: 0176-34090175<\/strong><br \/>\n<strong>Email: info@athleticsfashion.com<\/strong><\/p>\n<p style=\"color: #09090a;\">mittels einer eindeutigen Erkl\u00e4rung (z.B. ein mit der Post versandter Brief, Telefax oder E-Mail) \u00fcber Ihren Entschluss, diesen Vertrag zu widerrufen, informieren. Sie k\u00f6nnen daf\u00fcr das beigef\u00fcgte Muster-Widerrufsformular verwenden, das jedoch nicht vorgeschrieben ist. Zur Wahrung der Widerrufsfrist reicht es aus, dass Sie die Mitteilung \u00fcber die Aus\u00fcbung des Widerrufsrechts vor Ablauf der Widerrufsfrist absenden.<\/p>\n<p style=\"color: #09090a;\"><strong>Folgen des Widerrufs<br \/>\n<\/strong>Wenn Sie diesen Vertrag widerrufen, haben wir Ihnen alle Zahlungen, die wir von Ihnen erhalten haben (mit Ausnahme\u00a0der Lieferkosten), unverz\u00fcglich und sp\u00e4testens binnen vierzehn Tagen ab dem Tag zur\u00fcckzuzahlen, an dem die Mitteilung \u00fcber Ihren Widerruf dieses Vertrages bei uns eingegangen ist.<\/p>\n<p style=\"color: #09090a;\">F\u00fcr diese R\u00fcckzahlung verwenden wir dasselbe Zahlungsmittel, das Sie bei der urspr\u00fcnglichen Transaktion eingesetzt haben, es sei denn, mit Ihnen wurde ausdr\u00fccklich etwas anderes vereinbart; in keinem Fall werden Ihnen wegen dieser R\u00fcckzahlung Entgelte berechnet.\u00a0Wir k\u00f6nnen die R\u00fcckzahlung verweigern,<br \/>\nbis wir die Waren wieder zur\u00fcckerhalten haben oder bis Sie den Nachweis erbracht haben,<br \/>\ndass Sie die Waren zur\u00fcckgesandt haben, je nachdem, welches der fr\u00fchere Zeitpunkt ist.<\/p>\n<p style=\"color: #09090a;\">Sie haben die Waren unverz\u00fcglich und in jedem Fall sp\u00e4testens binnen vierzehn<br \/>\nTagen ab dem Tag, an dem Sie uns \u00fcber den Widerruf dieses Vertrags unterrichten,<br \/>\nan uns\u00a0zur\u00fcckzusenden oder zu \u00fcbergeben.<br \/>\nDie Frist ist gewahrt, wenn Sie die Waren vor\u00a0Ablauf der Frist von vierzehn Tagen absenden.\u00a0Sie tragen die unmittelbaren Kosten der R\u00fccksendung der Waren.<\/p>\n<p>****************************************************************************************************<\/p>\n<p><strong>\u00a7 7 Muster-Widerrufsformular<\/strong><br \/>\n(Wenn Sie den Vertrag widerrufen wollen, dann f\u00fcllen Sie bitte dieses Formular aus und senden\u00a0Sie es zur\u00fcck.)<\/p>\n<p><strong>Widerrufsformular<\/strong><br \/>\nAn Leslie Huhn &#8211; Athletics Fashion<em>, Benesisstra\u00dfe 24-32, 50672 K\u00f6ln, Email: athleticsfashion@gmail.com:<\/em><br \/>\n&#8211; Hiermit widerrufe(n) ich\/wir (*) den von mir\/uns (*) abgeschlossenen Vertrag \u00fcber den Kauf<br \/>\nder folgenden Waren (*)\/ die Erbringung der folgenden Dienstleistung (*)<\/p>\n<p>-Bestellt am (*)\/erhalten am (*)<\/p>\n<p>-Name des\/der Verbraucher(s)<\/p>\n<p>-Anschrift des\/der Verbraucher(s)<\/p>\n<p>&#8211; Unterschrift des\/der Verbraucher(s) (nur bei Mitteilung auf Papier)<\/p>\n<p>&#8211; Datum<br \/>\n_______________<br \/>\n(*) Unzutreffendes streichen.<\/p>\n<p>**************************************************************************************************<\/p>\n<p style=\"font-weight: bold; padding-bottom: 10px;\">\u00a78 Vertragsprache<\/p>\n<p>Als Vertragssprache steht ausschlie\u00dflich Deutsch zur Verf\u00fcgung.<\/p>\n<p>Stand der AGB Jun.2017<\/p>\n<p>&nbsp;<\/p>\n","protected":false},"excerpt":{"rendered":"<p>Allgemeine Gesch\u00e4ftsbedingungen der Firma Athletics Fashion \u00a71 Geltung gegen\u00fcber Unternehmern und Begriffsdefinitionen (1) Die nachfolgenden Allgemeinen Gesch\u00e4ftbedingungen gelten f\u00fcr alle Lieferungen zwischen uns und einem Verbraucher in ihrer zum Zeitpunkt der Bestellung g\u00fcltigen Fassung. (2) \u201eVerbraucher\u201c in Sinne dieser Gesch\u00e4ftsbedingungen ist jede nat\u00fcrliche Person, die ein Rechtsgesch\u00e4ft zu einem Zwecke abschlie\u00dft, der weder ihrer gewerblichen [&hellip;]<\/p>\n","protected":false},"author":1,"featured_media":0,"parent":0,"menu_order":0,"comment_status":"closed","ping_status":"closed","template":"","meta":{"footnotes":""},"class_list":["post-4834","page","type-page","status-publish","hentry"],"_links":{"self":[{"href":"https:\/\/athleticsfashion.com\/cheer\/wp-json\/wp\/v2\/pages\/4834","targetHints":{"allow":["GET"]}}],"collection":[{"href":"https:\/\/athleticsfashion.com\/cheer\/wp-json\/wp\/v2\/pages"}],"about":[{"href":"https:\/\/athleticsfashion.com\/cheer\/wp-json\/wp\/v2\/types\/page"}],"author":[{"embeddable":true,"href":"https:\/\/athleticsfashion.com\/cheer\/wp-json\/wp\/v2\/users\/1"}],"replies":[{"embeddable":true,"href":"https:\/\/athleticsfashion.com\/cheer\/wp-json\/wp\/v2\/comments?post=4834"}],"version-history":[{"count":5,"href":"https:\/\/athleticsfashion.com\/cheer\/wp-json\/wp\/v2\/pages\/4834\/revisions"}],"predecessor-version":[{"id":6890,"href":"https:\/\/athleticsfashion.com\/cheer\/wp-json\/wp\/v2\/pages\/4834\/revisions\/6890"}],"wp:attachment":[{"href":"https:\/\/athleticsfashion.com\/cheer\/wp-json\/wp\/v2\/media?parent=4834"}],"curies":[{"name":"wp","href":"https:\/\/api.w.org\/{rel}","templated":true}]}}